{"id":853,"date":"2021-05-06T12:39:30","date_gmt":"2021-05-06T15:39:30","guid":{"rendered":"https:\/\/ispestrada-cha.infd.edu.ar\/sitio\/?page_id=853"},"modified":"2021-07-02T20:19:33","modified_gmt":"2021-07-02T23:19:33","slug":"distribucion-de-bedeles","status":"publish","type":"page","link":"https:\/\/ispestrada-cha.infd.edu.ar\/sitio\/distribucion-de-bedeles\/","title":{"rendered":"DISTRIBUCI\u00d3N DE BEDELES"},"content":{"rendered":"<h4 style=\"text-align: left;\"><strong>La Rector\u00eda del I.E.S. \u00abJos\u00e9 Manuel Estrada\u00bb, comunica a sus alumnos y profesores, el detalle de la distribuci\u00f3n de BEDELES, correspondiente a la SEDE TRES ISLETAS y la UES El PALMAR.-<\/strong><\/h4>\n<p><a href=\"https:\/\/ispestrada-cha.infd.edu.ar\/sitio\/wp-content\/uploads\/2021\/07\/ALICIA-AYALA-turno-ma\u00f1anaDistribuci\u00f3n-de-U.C.-virtuales-por-curso-y-carrera-IES-2021-.pdf\">ALICIA AYALA turno ma\u00f1anaDistribuci\u00f3n de U.C. virtuales por curso y carrera &#8211; IES 2021 &#8211;<\/a><\/p>\n<p><a href=\"https:\/\/ispestrada-cha.infd.edu.ar\/sitio\/wp-content\/uploads\/2021\/07\/BETY-INSAURRALDE-Distribuci\u00f3n-de-U.C.-virtuales-por-curso-y-carrera-IES-2021.pdf\">BETY INSAURRALDE &#8211; Distribuci\u00f3n de U.C. virtuales por curso y carrera &#8211; IES 2021<\/a><\/p>\n<p><a href=\"https:\/\/ispestrada-cha.infd.edu.ar\/sitio\/wp-content\/uploads\/2021\/07\/CORA-HERN\u00c1NDEZ-Distribuci\u00f3n-de-U.C.-virtuales-por-curso-y-carrera-IES-2021-.pdf\">CORA HERN\u00c1NDEZ Distribuci\u00f3n de U.C. virtuales por curso y carrera &#8211; IES 2021 &#8211;<\/a><\/p>\n<p><a href=\"https:\/\/ispestrada-cha.infd.edu.ar\/sitio\/wp-content\/uploads\/2021\/07\/DAR\u00cdO-y-ROSANA-UES-Distribuci\u00f3n-de-U.C.-virtuales-por-curso-y-carrera-IES-2021-.pdf\">DAR\u00cdO y ROSANA &#8211; UES Distribuci\u00f3n de U.C. virtuales por curso y carrera &#8211; IES 2021 &#8211;<\/a><\/p>\n<p><a href=\"https:\/\/ispestrada-cha.infd.edu.ar\/sitio\/wp-content\/uploads\/2021\/07\/ESTELA-BRAVO-Distribuci\u00f3n-de-U.C.-virtuales-por-curso-y-carrera-IES-2021.pdf\">ESTELA BRAVO Distribuci\u00f3n de U.C. virtuales por curso y carrera &#8211; IES 2021<\/a><\/p>\n<p><a href=\"https:\/\/ispestrada-cha.infd.edu.ar\/sitio\/wp-content\/uploads\/2021\/07\/OSCAR-GAUNA-Distribuci\u00f3n-de-U.C.-virtuales-por-curso-y-carrera-IES-2021-TURNO-NOCHE.pdf\">OSCAR GAUNA &#8211; Distribuci\u00f3n de U.C. virtuales por curso y carrera &#8211; IES 2021 &#8211; TURNO NOCHE<\/a><\/p>\n<p><a href=\"https:\/\/ispestrada-cha.infd.edu.ar\/sitio\/wp-content\/uploads\/2021\/07\/OSCAR-GAUNA-T.-MA\u00d1ANA-Distribuci\u00f3n-de-U.C.-virtuales-por-curso-y-carrera-IES-2021-.pdf\">OSCAR GAUNA &#8211; T. MA\u00d1ANA Distribuci\u00f3n de U.C. virtuales por curso y carrera &#8211; IES 2021 &#8211;<\/a><\/p>\n","protected":false},"excerpt":{"rendered":"<p>La Rector\u00eda del I.E.S. \u00abJos\u00e9 Manuel Estrada\u00bb, comunica a sus alumnos y profesores, el detalle de la distribuci\u00f3n de BEDELES, correspondiente a la SEDE TRES ISLETAS y la UES El PALMAR.- ALICIA AYALA turno ma\u00f1anaDistribuci\u00f3n de U.C. virtuales por curso y carrera &#8211; IES 2021 &#8211; BETY INSAURRALDE &#8211; Distribuci\u00f3n de U.C. virtuales por curso &#8230; <a title=\"DISTRIBUCI\u00d3N DE BEDELES\" class=\"read-more\" href=\"https:\/\/ispestrada-cha.infd.edu.ar\/sitio\/distribucion-de-bedeles\/\" aria-label=\"More on DISTRIBUCI\u00d3N DE BEDELES\">[+]<\/a><\/p>\n","protected":false},"author":78,"featured_media":0,"parent":0,"menu_order":0,"comment_status":"closed","ping_status":"closed","template":"","meta":[],"acf":[],"_links":{"self":[{"href":"https:\/\/ispestrada-cha.infd.edu.ar\/sitio\/wp-json\/wp\/v2\/pages\/853"}],"collection":[{"href":"https:\/\/ispestrada-cha.infd.edu.ar\/sitio\/wp-json\/wp\/v2\/pages"}],"about":[{"href":"https:\/\/ispestrada-cha.infd.edu.ar\/sitio\/wp-json\/wp\/v2\/types\/page"}],"author":[{"embeddable":true,"href":"https:\/\/ispestrada-cha.infd.edu.ar\/sitio\/wp-json\/wp\/v2\/users\/78"}],"replies":[{"embeddable":true,"href":"https:\/\/ispestrada-cha.infd.edu.ar\/sitio\/wp-json\/wp\/v2\/comments?post=853"}],"version-history":[{"count":8,"href":"https:\/\/ispestrada-cha.infd.edu.ar\/sitio\/wp-json\/wp\/v2\/pages\/853\/revisions"}],"predecessor-version":[{"id":953,"href":"https:\/\/ispestrada-cha.infd.edu.ar\/sitio\/wp-json\/wp\/v2\/pages\/853\/revisions\/953"}],"wp:attachment":[{"href":"https:\/\/ispestrada-cha.infd.edu.ar\/sitio\/wp-json\/wp\/v2\/media?parent=853"}],"curies":[{"name":"wp","href":"https:\/\/api.w.org\/{rel}","templated":true}]}}