{"id":776,"date":"2018-08-30T16:28:09","date_gmt":"2018-08-30T19:28:09","guid":{"rendered":"https:\/\/ispestrada-cha.infd.edu.ar\/sitio\/docentes\/"},"modified":"2018-09-01T16:35:13","modified_gmt":"2018-09-01T19:35:13","slug":"docentes","status":"publish","type":"page","link":"https:\/\/ispestrada-cha.infd.edu.ar\/sitio\/docentes\/","title":{"rendered":"Docentes"},"content":{"rendered":"<h2 style=\"text-align: center;\"><span style=\"font-size: 14pt; color: #0000ff; font-family: Arial;\"><strong>Listados de Profesores del\u00a0<\/strong><\/span><\/h2>\n<h2 style=\"text-align: center;\"><span style=\"font-size: 14pt; color: #0000ff; font-family: Arial;\"><strong>Instituto de Educaci\u00f3n Superior<\/strong><\/span><\/h2>\n<h2 style=\"text-align: center;\"><span style=\"font-size: 14pt; color: #0000ff; font-family: Arial;\"><strong> \u00abJos\u00e9 Manuel Estrada\u00bb<\/strong><\/span><\/h2>\n<table>\n<tbody>\n<tr>\n<td width=\"73\">Orden<\/td>\n<td width=\"226\">Apellido y Nombre<\/td>\n<\/tr>\n<tr>\n<td width=\"73\">1.<\/td>\n<td width=\"226\">Albarrac\u00edn Roc\u00edo<\/td>\n<\/tr>\n<tr>\n<td width=\"73\">2.<\/td>\n<td width=\"226\">Albarrac\u00edn V\u00edctor<\/td>\n<\/tr>\n<tr>\n<td width=\"73\">3.<\/td>\n<td width=\"226\">Almir\u00f3n Cinthia<\/td>\n<\/tr>\n<tr>\n<td width=\"73\">4.<\/td>\n<td width=\"226\">Asambulla Ariel<\/td>\n<\/tr>\n<tr>\n<td width=\"73\">5.<\/td>\n<td width=\"226\">Avalos Carolina<\/td>\n<\/tr>\n<tr>\n<td width=\"73\">6.<\/td>\n<td width=\"226\">Ayala Antonella Roc\u00edo<\/td>\n<\/tr>\n<tr>\n<td width=\"73\">7.<\/td>\n<td width=\"226\">Azcona Marisol<\/td>\n<\/tr>\n<tr>\n<td width=\"73\">8.<\/td>\n<td width=\"226\">Ben\u00edtez Dante<\/td>\n<\/tr>\n<tr>\n<td width=\"73\">9.<\/td>\n<td width=\"226\">Camera Zulema<\/td>\n<\/tr>\n<tr>\n<td width=\"73\">10.<\/td>\n<td width=\"226\">Chavez Carolina<\/td>\n<\/tr>\n<tr>\n<td width=\"73\">11.<\/td>\n<td width=\"226\">Chiabrera Rosana<\/td>\n<\/tr>\n<tr>\n<td width=\"73\">12.<\/td>\n<td width=\"226\">Cuenca Adriana<\/td>\n<\/tr>\n<tr>\n<td width=\"73\">13.<\/td>\n<td width=\"226\">Dedek Mar\u00eda Luisa<\/td>\n<\/tr>\n<tr>\n<td width=\"73\">14.<\/td>\n<td width=\"226\">Domingo\u00a0 Juan<\/td>\n<\/tr>\n<tr>\n<td width=\"73\">15.<\/td>\n<td width=\"226\">Far\u00edas Fernando<\/td>\n<\/tr>\n<tr>\n<td width=\"73\">16.<\/td>\n<td width=\"226\">Far\u00edas Patricia<\/td>\n<\/tr>\n<tr>\n<td width=\"73\">17.<\/td>\n<td width=\"226\">Fidel Gregorio<\/td>\n<\/tr>\n<tr>\n<td width=\"73\">18.<\/td>\n<td width=\"226\">Flores Lorena<\/td>\n<\/tr>\n<tr>\n<td width=\"73\">19.<\/td>\n<td width=\"226\">Giavelli Enzo<\/td>\n<\/tr>\n<tr>\n<td width=\"73\">20.<\/td>\n<td width=\"226\">G\u00f3mez Delicia M.<\/td>\n<\/tr>\n<tr>\n<td width=\"73\">21.<\/td>\n<td width=\"226\">Guti\u00e9rrez Mar\u00eda Cecilia<\/td>\n<\/tr>\n<tr>\n<td width=\"73\">22.<\/td>\n<td width=\"226\">Haberkon Noelia<\/td>\n<\/tr>\n<tr>\n<td width=\"73\">23.<\/td>\n<td width=\"226\">Haiquel Nadia<\/td>\n<\/tr>\n<tr>\n<td width=\"73\">24.<\/td>\n<td width=\"226\">Hern\u00e1ndez Cora<\/td>\n<\/tr>\n<tr>\n<td width=\"73\">25.<\/td>\n<td width=\"226\">Hern\u00e1ndez Mariela<\/td>\n<\/tr>\n<tr>\n<td width=\"73\">26.<\/td>\n<td width=\"226\">Herrera Nancy<\/td>\n<\/tr>\n<tr>\n<td width=\"73\">27.<\/td>\n<td width=\"226\">Insaurralde Matilde<\/td>\n<\/tr>\n<tr>\n<td width=\"73\">28.<\/td>\n<td width=\"226\">Ivalo Elena<\/td>\n<\/tr>\n<tr>\n<td width=\"73\">29.<\/td>\n<td width=\"226\">Kolbas Gisela<\/td>\n<\/tr>\n<tr>\n<td width=\"73\">30.<\/td>\n<td width=\"226\">Laleff Emmanuel<\/td>\n<\/tr>\n<tr>\n<td width=\"73\">31.<\/td>\n<td width=\"226\">Lozina Cristina<\/td>\n<\/tr>\n<tr>\n<td width=\"73\">32.<\/td>\n<td width=\"226\">Lugo Miriam<\/td>\n<\/tr>\n<tr>\n<td width=\"73\">33.<\/td>\n<td width=\"226\">Maciel Patricia<\/td>\n<\/tr>\n<tr>\n<td width=\"73\">34.<\/td>\n<td width=\"226\">Mambrin Gustavo<\/td>\n<\/tr>\n<tr>\n<td width=\"73\">35.<\/td>\n<td width=\"226\">Mareyra Sergio<\/td>\n<\/tr>\n<tr>\n<td width=\"73\">36.<\/td>\n<td width=\"226\">Molina Silvina<\/td>\n<\/tr>\n<tr>\n<td width=\"73\">37.<\/td>\n<td width=\"226\">Molina Soledad<\/td>\n<\/tr>\n<tr>\n<td width=\"73\">38.<\/td>\n<td width=\"226\">Monz\u00f3n Pedro<\/td>\n<\/tr>\n<tr>\n<td width=\"73\">39.<\/td>\n<td width=\"226\">Morales Cristian<\/td>\n<\/tr>\n<tr>\n<td width=\"73\">40.<\/td>\n<td width=\"226\">Mu\u00f1oz Nora<\/td>\n<\/tr>\n<tr>\n<td width=\"73\">41.<\/td>\n<td width=\"226\">Nardelli Rub\u00e9n<\/td>\n<\/tr>\n<tr>\n<td width=\"73\">42.<\/td>\n<td width=\"226\">Obregon Milen<\/td>\n<\/tr>\n<tr>\n<td width=\"73\">43.<\/td>\n<td width=\"226\">Osuna M\u00f3nica<\/td>\n<\/tr>\n<tr>\n<td width=\"73\">44.<\/td>\n<td width=\"226\">Paz Ang\u00e9lica<\/td>\n<\/tr>\n<tr>\n<td width=\"73\">45.<\/td>\n<td width=\"226\">Pelozo Juan Eduardo<\/td>\n<\/tr>\n<tr>\n<td width=\"73\">46.<\/td>\n<td width=\"226\">Peralta Ana<\/td>\n<\/tr>\n<tr>\n<td width=\"73\">47.<\/td>\n<td width=\"226\">P\u00e9rez Melina<\/td>\n<\/tr>\n<tr>\n<td width=\"73\">48.<\/td>\n<td width=\"226\">Pibernus Patricia<\/td>\n<\/tr>\n<tr>\n<td width=\"73\">49.<\/td>\n<td width=\"226\">Rodr\u00edguez Clarisa<\/td>\n<\/tr>\n<tr>\n<td width=\"73\">50.<\/td>\n<td width=\"226\">Romero Daiana<\/td>\n<\/tr>\n<tr>\n<td width=\"73\">51.<\/td>\n<td width=\"226\">Sakardy Magali<\/td>\n<\/tr>\n<tr>\n<td width=\"73\">52.<\/td>\n<td width=\"226\">Salomone Sergio<\/td>\n<\/tr>\n<tr>\n<td width=\"73\">53.<\/td>\n<td width=\"226\">Segura Lema Guadalupe<\/td>\n<\/tr>\n<tr>\n<td width=\"73\">54.<\/td>\n<td width=\"226\">Silva Lucia<\/td>\n<\/tr>\n<tr>\n<td width=\"73\">55.<\/td>\n<td width=\"226\">Skarp Liliana<\/td>\n<\/tr>\n<tr>\n<td width=\"73\">56.<\/td>\n<td width=\"226\">Soto Noelia<\/td>\n<\/tr>\n<tr>\n<td width=\"73\">57.<\/td>\n<td width=\"226\">Tatarchuk Gisela<\/td>\n<\/tr>\n<tr>\n<td width=\"73\">58.<\/td>\n<td width=\"226\">Uset Ariel<\/td>\n<\/tr>\n<tr>\n<td width=\"73\">59.<\/td>\n<td width=\"226\">Vallejos Rub\u00e9n Dar\u00edo<\/td>\n<\/tr>\n<tr>\n<td width=\"73\">60.<\/td>\n<td width=\"226\">Vargas Walter<\/td>\n<\/tr>\n<tr>\n<td width=\"73\">61.<\/td>\n<td width=\"226\">Zorrilla Cecilia<\/td>\n<\/tr>\n<tr>\n<td width=\"73\">62.<\/td>\n<td width=\"226\">Zorrilla Laura<\/td>\n<\/tr>\n<\/tbody>\n<\/table>\n","protected":false},"excerpt":{"rendered":"<p>Listados de Profesores del\u00a0 Instituto de Educaci\u00f3n Superior \u00abJos\u00e9 Manuel Estrada\u00bb Orden Apellido y Nombre 1. Albarrac\u00edn Roc\u00edo 2. Albarrac\u00edn V\u00edctor 3. Almir\u00f3n Cinthia 4. Asambulla Ariel 5. Avalos Carolina 6. Ayala Antonella Roc\u00edo 7. Azcona Marisol 8. Ben\u00edtez Dante 9. Camera Zulema 10. Chavez Carolina 11. Chiabrera Rosana 12. Cuenca Adriana 13. Dedek Mar\u00eda &#8230; <a title=\"Docentes\" class=\"read-more\" href=\"https:\/\/ispestrada-cha.infd.edu.ar\/sitio\/docentes\/\" aria-label=\"More on Docentes\">[+]<\/a><\/p>\n","protected":false},"author":78,"featured_media":0,"parent":0,"menu_order":0,"comment_status":"closed","ping_status":"closed","template":"","meta":[],"acf":[],"_links":{"self":[{"href":"https:\/\/ispestrada-cha.infd.edu.ar\/sitio\/wp-json\/wp\/v2\/pages\/776"}],"collection":[{"href":"https:\/\/ispestrada-cha.infd.edu.ar\/sitio\/wp-json\/wp\/v2\/pages"}],"about":[{"href":"https:\/\/ispestrada-cha.infd.edu.ar\/sitio\/wp-json\/wp\/v2\/types\/page"}],"author":[{"embeddable":true,"href":"https:\/\/ispestrada-cha.infd.edu.ar\/sitio\/wp-json\/wp\/v2\/users\/78"}],"replies":[{"embeddable":true,"href":"https:\/\/ispestrada-cha.infd.edu.ar\/sitio\/wp-json\/wp\/v2\/comments?post=776"}],"version-history":[{"count":1,"href":"https:\/\/ispestrada-cha.infd.edu.ar\/sitio\/wp-json\/wp\/v2\/pages\/776\/revisions"}],"predecessor-version":[{"id":825,"href":"https:\/\/ispestrada-cha.infd.edu.ar\/sitio\/wp-json\/wp\/v2\/pages\/776\/revisions\/825"}],"wp:attachment":[{"href":"https:\/\/ispestrada-cha.infd.edu.ar\/sitio\/wp-json\/wp\/v2\/media?parent=776"}],"curies":[{"name":"wp","href":"https:\/\/api.w.org\/{rel}","templated":true}]}}