{"id":1024,"date":"2022-03-29T20:31:05","date_gmt":"2022-03-29T23:31:05","guid":{"rendered":"https:\/\/ispestrada-cha.infd.edu.ar\/sitio\/?page_id=1024"},"modified":"2022-03-30T11:50:38","modified_gmt":"2022-03-30T14:50:38","slug":"becas-progresar","status":"publish","type":"page","link":"https:\/\/ispestrada-cha.infd.edu.ar\/sitio\/becas-progresar\/","title":{"rendered":"BECAS PROGRESAR"},"content":{"rendered":"\n<p><strong><span class=\"has-inline-color has-luminous-vivid-amber-color\">PERIODO DE CERTIFICACION PROGRESAR 2022<\/span><\/strong><\/p>\n\n\n\n<p><strong>A partir del Jueves 31 de marzo los alumnos que se hayan inscriptos a BECAS PROGRESAR, deber\u00e1n acercar a la instituci\u00f3n de forma PRESENCIAL,&nbsp; la documentaci\u00f3n que avale su situaci\u00f3n acad\u00e9mica. Esta primera Etapa solo contempla a los alumnos avanzados, es decir aquellos estudiantes que este a\u00f1o cursen desde el segundo a\u00f1o en adelante.<\/strong><\/p>\n\n\n\n<p><strong>Para estos alumnos avanzados, se recepcionar\u00e1 la documentaci\u00f3n  hasta el 21 de Abril, posterior a esto la instituci\u00f3n deber\u00e1 certificar en el sistema de BECAS de acuerdo a la documentaci\u00f3n presentada..<\/strong><\/p>\n\n\n\n<p><strong>Los estudiantes que este a\u00f1o ingresar\u00e1n a la instituci\u00f3n, lo har\u00e1n desde el mes de abril, luego de la entrega de legajos y la realizaci\u00f3n del taller Proped\u00e9utico.&nbsp; &nbsp;<\/strong><\/p>\n\n\n\n<p><u><code><strong><span class=\"has-inline-color has-luminous-vivid-amber-color\">DOCUMENTACION A PRESENTAR<\/span><\/strong><\/code><\/u><\/p>\n\n\n\n<ol type=\"1\"><li><a href=\"https:\/\/insmachagai-cha.infd.edu.ar\/sitio\/wp-content\/uploads\/2022\/03\/Certificado_Materias_APROBADAS-3.pdf\"><strong><span class=\"has-inline-color has-black-color\">Certificado de Materias aprobadas (Imprimirlo y completar con los datos solicitados)<\/span><\/strong><\/a> <strong>y\/o anexar el an\u00e1litico que emite el sistema de Autogesti\u00f3n<\/strong>.<\/li><li><strong>Comprobante inscripci\u00f3n a Progresar 2022(Certificado que entrega el sistema una vez completada la inscripci\u00f3n)<\/strong><\/li><li><strong>Fotocopia de DNI<\/strong><\/li><li><strong>Fotocopia de Libreta o permiso de examen donde consten las materias aprobadas en ciclo lectivo 2021.<\/strong><\/li><li><strong>Entregar en un folio toda la documentaci\u00f3n<\/strong>.-<\/li><\/ol>\n\n\n\n<p><strong>Se recibir\u00e1 la documentaci\u00f3n de Martes y Jueves desde las 16:00 Hs a 18:00 Hs, en las instalaciones de EES N\u00b0  108.-<\/strong><\/p>\n\n\n\n<p><strong>El Prof. Silvio Muro, nos brindar\u00e1 asistencia para la recepci\u00f3n de la documentaci\u00f3n y contar\u00e1 con ayuda de los Alumnos pertenecientes al Centro de Estudiantes<\/strong>.-<\/p>\n\n\n\n<p><strong><span class=\"has-inline-color has-luminous-vivid-orange-color\">CERTIFICADO<\/span><\/strong><\/p>\n\n\n\n<div class=\"wp-block-file\"><a href=\"https:\/\/ispestrada-cha.infd.edu.ar\/sitio\/wp-content\/uploads\/2022\/03\/SOLICITUD_DE_CERTIFICACION_PROGRESAR_2022.pdf\">SOLICITUD_DE_CERTIFICACION_PROGRESAR_2022<\/a><a href=\"https:\/\/ispestrada-cha.infd.edu.ar\/sitio\/wp-content\/uploads\/2022\/03\/SOLICITUD_DE_CERTIFICACION_PROGRESAR_2022.pdf\" class=\"wp-block-file__button\" download>Descarga<\/a><\/div>\n\n\n\n<p><\/p>\n","protected":false},"excerpt":{"rendered":"<p>PERIODO DE CERTIFICACION PROGRESAR 2022 A partir del Jueves 31 de marzo los alumnos que se hayan inscriptos a BECAS PROGRESAR, deber\u00e1n acercar a la instituci\u00f3n de forma PRESENCIAL,&nbsp; la documentaci\u00f3n que avale su situaci\u00f3n acad\u00e9mica. Esta primera Etapa solo contempla a los alumnos avanzados, es decir aquellos estudiantes que este a\u00f1o cursen desde el &#8230; <a title=\"BECAS PROGRESAR\" class=\"read-more\" href=\"https:\/\/ispestrada-cha.infd.edu.ar\/sitio\/becas-progresar\/\" aria-label=\"More on BECAS PROGRESAR\">[+]<\/a><\/p>\n","protected":false},"author":78,"featured_media":0,"parent":0,"menu_order":0,"comment_status":"closed","ping_status":"closed","template":"","meta":[],"acf":[],"_links":{"self":[{"href":"https:\/\/ispestrada-cha.infd.edu.ar\/sitio\/wp-json\/wp\/v2\/pages\/1024"}],"collection":[{"href":"https:\/\/ispestrada-cha.infd.edu.ar\/sitio\/wp-json\/wp\/v2\/pages"}],"about":[{"href":"https:\/\/ispestrada-cha.infd.edu.ar\/sitio\/wp-json\/wp\/v2\/types\/page"}],"author":[{"embeddable":true,"href":"https:\/\/ispestrada-cha.infd.edu.ar\/sitio\/wp-json\/wp\/v2\/users\/78"}],"replies":[{"embeddable":true,"href":"https:\/\/ispestrada-cha.infd.edu.ar\/sitio\/wp-json\/wp\/v2\/comments?post=1024"}],"version-history":[{"count":14,"href":"https:\/\/ispestrada-cha.infd.edu.ar\/sitio\/wp-json\/wp\/v2\/pages\/1024\/revisions"}],"predecessor-version":[{"id":1049,"href":"https:\/\/ispestrada-cha.infd.edu.ar\/sitio\/wp-json\/wp\/v2\/pages\/1024\/revisions\/1049"}],"wp:attachment":[{"href":"https:\/\/ispestrada-cha.infd.edu.ar\/sitio\/wp-json\/wp\/v2\/media?parent=1024"}],"curies":[{"name":"wp","href":"https:\/\/api.w.org\/{rel}","templated":true}]}}